{"id":25,"date":"2019-11-29T20:47:27","date_gmt":"2019-11-29T20:47:27","guid":{"rendered":"http:\/\/keikkaliksa.com\/?page_id=25"},"modified":"2019-11-29T21:00:47","modified_gmt":"2019-11-29T21:00:47","slug":"toimeksianto","status":"publish","type":"page","link":"http:\/\/keikkaliksa.com\/index.php\/toimeksianto\/","title":{"rendered":"toimeksianto"},"content":{"rendered":"\n<p>Voit antaa laskutus- ja palkanmaksutoimeksiannon vapaamuotoisesti, kunhan saat alla mainitut tiedot toimitetuksi keikkaliksa.com -palveluun. Voit esimerkiksi kopioida alla olevan tekstin l\u00e4htev\u00e4\u00e4n s\u00e4hk\u00f6postiin ja t\u00e4ydent\u00e4\u00e4 sitten tarvittavat kohdat s\u00e4hk\u00f6postiohjelmassasi.<\/p>\n\n\n\n<p>(copy paste s\u00e4hk\u00f6postiisi)<\/p>\n\n\n\n<hr class=\"wp-block-separator\"\/>\n\n\n\n<p>Keikan tiedot:<\/p>\n\n\n\n<ul><li>keikkapaikan nimi ja osoite<\/li><li>laskutettavan (virallinen) nimi ja laskutusosoite &#8211; mieluiten verkkolaskuosoite (haku: <a aria-label=\"https:\/\/verkkolaskuosoite.fi\/client\/index.html (opens in a new tab)\" href=\"https:\/\/verkkolaskuosoite.fi\/client\/index.html\" target=\"_blank\" rel=\"noreferrer noopener\">https:\/\/verkkolaskuosoite.fi\/client\/index.html<\/a>)<\/li><li>laskutettava summa<\/li><li>b\u00e4ndin nimi ja esiintymisp\u00e4iv\u00e4<\/li><li>b\u00e4ndin yhteyshenkil\u00f6n yhteystiedot<\/li><\/ul>\n\n\n\n<p>Palkanmaksun tiedot:<\/p>\n\n\n\n<ul><li>palkansaajien nimet, osoitteet, sotut, s\u00e4hk\u00f6postit ja puhelinnumerot (uudet asiakkaat)<\/li><li>verokortit ja tilitiedot (uudet asiakkaat)<\/li><li>miten liksa jaetaan (esim. tasajako kulujen j\u00e4lkeen\/ tasajako kulut osuudessa\/ muu jako (%, \u20ac)<\/li><li>kilometrikorvauksia ja p\u00e4iv\u00e4rahoja varten vapaamuotoinen matkalasku, mist\u00e4 ilmenee<br> &#8211; l\u00e4ht\u00f6aika (pvm ja kello)<br> &#8211; paluuaika<br> &#8211; matkareitti ja kilometrit<br> &#8211; selvitys suurista esineist\u00e4, lis\u00e4matkustajista ja per\u00e4k\u00e4rryst\u00e4<\/li><\/ul>\n\n\n\n<hr class=\"wp-block-separator\"\/>\n\n\n\n<p>Kaikki tiedot l\u00e4hetet\u00e4\u00e4n s\u00e4hk\u00f6isesti osoitteeseen keikkaliksa@gmail.com.  <\/p>\n\n\n\n<p><\/p>\n","protected":false},"excerpt":{"rendered":"<p>Voit antaa laskutus- ja palkanmaksutoimeksiannon vapaamuotoisesti, kunhan saat alla mainitut tiedot toimitetuksi keikkaliksa.com -palveluun. Voit esimerkiksi kopioida alla olevan tekstin l\u00e4htev\u00e4\u00e4n s\u00e4hk\u00f6postiin ja t\u00e4ydent\u00e4\u00e4 sitten tarvittavat kohdat s\u00e4hk\u00f6postiohjelmassasi. (copy paste s\u00e4hk\u00f6postiisi) Keikan tiedot: keikkapaikan nimi ja osoite laskutettavan (virallinen) nimi ja laskutusosoite &#8211; mieluiten verkkolaskuosoite (haku: https:\/\/verkkolaskuosoite.fi\/client\/index.html) laskutettava summa b\u00e4ndin nimi ja esiintymisp\u00e4iv\u00e4 b\u00e4ndin yhteyshenkil\u00f6n &hellip; <\/p>\n<p class=\"link-more\"><a href=\"http:\/\/keikkaliksa.com\/index.php\/toimeksianto\/\" class=\"more-link\">Continue reading<span class=\"screen-reader-text\"> &#8220;toimeksianto&#8221;<\/span><\/a><\/p>\n","protected":false},"author":1,"featured_media":0,"parent":0,"menu_order":0,"comment_status":"closed","ping_status":"closed","template":"","meta":[],"_links":{"self":[{"href":"http:\/\/keikkaliksa.com\/index.php\/wp-json\/wp\/v2\/pages\/25"}],"collection":[{"href":"http:\/\/keikkaliksa.com\/index.php\/wp-json\/wp\/v2\/pages"}],"about":[{"href":"http:\/\/keikkaliksa.com\/index.php\/wp-json\/wp\/v2\/types\/page"}],"author":[{"embeddable":true,"href":"http:\/\/keikkaliksa.com\/index.php\/wp-json\/wp\/v2\/users\/1"}],"replies":[{"embeddable":true,"href":"http:\/\/keikkaliksa.com\/index.php\/wp-json\/wp\/v2\/comments?post=25"}],"version-history":[{"count":4,"href":"http:\/\/keikkaliksa.com\/index.php\/wp-json\/wp\/v2\/pages\/25\/revisions"}],"predecessor-version":[{"id":32,"href":"http:\/\/keikkaliksa.com\/index.php\/wp-json\/wp\/v2\/pages\/25\/revisions\/32"}],"wp:attachment":[{"href":"http:\/\/keikkaliksa.com\/index.php\/wp-json\/wp\/v2\/media?parent=25"}],"curies":[{"name":"wp","href":"https:\/\/api.w.org\/{rel}","templated":true}]}}