{"id":34,"date":"2019-11-29T21:09:23","date_gmt":"2019-11-29T21:09:23","guid":{"rendered":"http:\/\/keikkaliksa.com\/?page_id=34"},"modified":"2022-04-19T09:04:33","modified_gmt":"2022-04-19T09:04:33","slug":"yhteydet","status":"publish","type":"page","link":"http:\/\/keikkaliksa.com\/index.php\/yhteydet\/","title":{"rendered":"yhteydet"},"content":{"rendered":"\n<p>Keikkaliksa.comin laskutus-ja palkanlaskutoiminnot hoitaa<br>Yrityspalvelu Pappi Ky (YPP). <\/p>\n\n\n\n<p>YPP on vuonna 1997 perustettu tilitoimistofirma, jonka toimitusjohtaja Esko Pappi on paitsi taloushallinnon ammattilainen (TTM) my\u00f6s pitk\u00e4n linjan keikkaj\u00e4rkk\u00e4ri.  H\u00e4n on mm. hoitanut omistamansa jyv\u00e4skyl\u00e4l\u00e4isen rokkibaari <br> <a aria-label=\"Red Neckin (opens in a new tab)\" rel=\"noreferrer noopener\" href=\"http:\/\/www.redneck.fi\/\" target=\"_blank\">Red Neckin<\/a> keikkabuukaukset jo vuodesta 1992.<\/p>\n\n\n\n<div class=\"is-layout-flow wp-block-group\"><div class=\"wp-block-group__inner-container\">\n<p>Yrityspalvelu Pappi Ky<br>Asemakatu 12 A 42<br>40100 JYV\u00c4SKYL\u00c4<br><br>puh. 044 337 67 00<br>e-mail. keikkaliksa@gmail.com<\/p>\n<\/div><\/div>\n","protected":false},"excerpt":{"rendered":"<p>Keikkaliksa.comin laskutus-ja palkanlaskutoiminnot hoitaaYrityspalvelu Pappi Ky (YPP). YPP on vuonna 1997 perustettu tilitoimistofirma, jonka toimitusjohtaja Esko Pappi on paitsi taloushallinnon ammattilainen (TTM) my\u00f6s pitk\u00e4n linjan keikkaj\u00e4rkk\u00e4ri. H\u00e4n on mm. hoitanut omistamansa jyv\u00e4skyl\u00e4l\u00e4isen rokkibaari Red Neckin keikkabuukaukset jo vuodesta 1992. Yrityspalvelu Pappi KyAsemakatu 12 A 4240100 JYV\u00c4SKYL\u00c4 puh. 044 337 67 00e-mail. keikkaliksa@gmail.com<\/p>\n","protected":false},"author":1,"featured_media":0,"parent":0,"menu_order":0,"comment_status":"closed","ping_status":"closed","template":"","meta":[],"_links":{"self":[{"href":"http:\/\/keikkaliksa.com\/index.php\/wp-json\/wp\/v2\/pages\/34"}],"collection":[{"href":"http:\/\/keikkaliksa.com\/index.php\/wp-json\/wp\/v2\/pages"}],"about":[{"href":"http:\/\/keikkaliksa.com\/index.php\/wp-json\/wp\/v2\/types\/page"}],"author":[{"embeddable":true,"href":"http:\/\/keikkaliksa.com\/index.php\/wp-json\/wp\/v2\/users\/1"}],"replies":[{"embeddable":true,"href":"http:\/\/keikkaliksa.com\/index.php\/wp-json\/wp\/v2\/comments?post=34"}],"version-history":[{"count":3,"href":"http:\/\/keikkaliksa.com\/index.php\/wp-json\/wp\/v2\/pages\/34\/revisions"}],"predecessor-version":[{"id":124,"href":"http:\/\/keikkaliksa.com\/index.php\/wp-json\/wp\/v2\/pages\/34\/revisions\/124"}],"wp:attachment":[{"href":"http:\/\/keikkaliksa.com\/index.php\/wp-json\/wp\/v2\/media?parent=34"}],"curies":[{"name":"wp","href":"https:\/\/api.w.org\/{rel}","templated":true}]}}