{"id":48,"date":"2019-11-29T21:52:29","date_gmt":"2019-11-29T21:52:29","guid":{"rendered":"http:\/\/keikkaliksa.com\/?page_id=48"},"modified":"2019-11-29T21:52:29","modified_gmt":"2019-11-29T21:52:29","slug":"arvonlisavero-alv","status":"publish","type":"page","link":"http:\/\/keikkaliksa.com\/index.php\/arvonlisavero-alv\/","title":{"rendered":"arvonlis\u00e4vero (alv)"},"content":{"rendered":"\n<p>Esiintymispalkkiot ja er\u00e4\u00e4t immateriaalioikeudet ovat arvonlis\u00e4verolain 45 \u00a7:n perusteella verottomia. Esiintyvill\u00e4 taiteilijoilla on kuitenkin mahdollisuus hakeutua toiminnastaan alv-velvollisiksi.<\/p>\n\n\n\n<p>Esiintyv\u00e4t taiteilijat, muut julkiset esiintyj\u00e4t ja urheilijat sek\u00e4 heid\u00e4n esityksi\u00e4\u00e4n myyv\u00e4t ohjelmatoimistot ovat saaneet mahdollisuuden hakeutua arvonlis\u00e4verovelvolliseksi esiintymispalkkioista ja esitysten myynnist\u00e4 saatavista korvauksista.<br>\nArvonlis\u00e4verovelvolliseksi hakeutuminen on ollut mahdollista huhtikuun 2019 alusta l\u00e4htien.<br>\nN\u00e4ihin myynteihin sovelletaan alennettua 10 prosentin verokantaa.<br>\nArvonlis\u00e4verovelvolliseksi hakeutunut voi v\u00e4hent\u00e4\u00e4 liiketoimintaansa koskevien  hankintojen sis\u00e4lt\u00e4m\u00e4n arvonlis\u00e4veron verotuksessaan.<\/p>\n\n\n\n<p>Keikkaliksa.com -palvelun kautta laskutetut keikat laskutetaan edelleen verokannalla 0%, joten keikan hinta ei nouse my\u00f6sk\u00e4\u00e4n sellaisella esim. yhdistysmuotoisella j\u00e4rjest\u00e4j\u00e4ll\u00e4, jolla ei ole arvonlis\u00e4veron v\u00e4hennysoikeutta.<\/p>\n","protected":false},"excerpt":{"rendered":"<p>Esiintymispalkkiot ja er\u00e4\u00e4t immateriaalioikeudet ovat arvonlis\u00e4verolain 45 \u00a7:n perusteella verottomia. Esiintyvill\u00e4 taiteilijoilla on kuitenkin mahdollisuus hakeutua toiminnastaan alv-velvollisiksi. Esiintyv\u00e4t taiteilijat, muut julkiset esiintyj\u00e4t ja urheilijat sek\u00e4 heid\u00e4n esityksi\u00e4\u00e4n myyv\u00e4t ohjelmatoimistot ovat saaneet mahdollisuuden hakeutua arvonlis\u00e4verovelvolliseksi esiintymispalkkioista ja esitysten myynnist\u00e4 saatavista korvauksista. Arvonlis\u00e4verovelvolliseksi hakeutuminen on ollut mahdollista huhtikuun 2019 alusta l\u00e4htien. N\u00e4ihin myynteihin sovelletaan alennettua 10 &hellip; <\/p>\n<p class=\"link-more\"><a href=\"http:\/\/keikkaliksa.com\/index.php\/arvonlisavero-alv\/\" class=\"more-link\">Continue reading<span class=\"screen-reader-text\"> &#8220;arvonlis\u00e4vero (alv)&#8221;<\/span><\/a><\/p>\n","protected":false},"author":1,"featured_media":0,"parent":0,"menu_order":0,"comment_status":"closed","ping_status":"closed","template":"","meta":[],"_links":{"self":[{"href":"http:\/\/keikkaliksa.com\/index.php\/wp-json\/wp\/v2\/pages\/48"}],"collection":[{"href":"http:\/\/keikkaliksa.com\/index.php\/wp-json\/wp\/v2\/pages"}],"about":[{"href":"http:\/\/keikkaliksa.com\/index.php\/wp-json\/wp\/v2\/types\/page"}],"author":[{"embeddable":true,"href":"http:\/\/keikkaliksa.com\/index.php\/wp-json\/wp\/v2\/users\/1"}],"replies":[{"embeddable":true,"href":"http:\/\/keikkaliksa.com\/index.php\/wp-json\/wp\/v2\/comments?post=48"}],"version-history":[{"count":1,"href":"http:\/\/keikkaliksa.com\/index.php\/wp-json\/wp\/v2\/pages\/48\/revisions"}],"predecessor-version":[{"id":50,"href":"http:\/\/keikkaliksa.com\/index.php\/wp-json\/wp\/v2\/pages\/48\/revisions\/50"}],"wp:attachment":[{"href":"http:\/\/keikkaliksa.com\/index.php\/wp-json\/wp\/v2\/media?parent=48"}],"curies":[{"name":"wp","href":"https:\/\/api.w.org\/{rel}","templated":true}]}}