{"id":56,"date":"2019-11-29T22:20:06","date_gmt":"2019-11-29T22:20:06","guid":{"rendered":"http:\/\/keikkaliksa.com\/?page_id=56"},"modified":"2019-11-29T23:23:03","modified_gmt":"2019-11-29T23:23:03","slug":"sopimussuhteet","status":"publish","type":"page","link":"https:\/\/keikkaliksa.com\/index.php\/sopimussuhteet\/","title":{"rendered":"sopimussuhteet"},"content":{"rendered":"\n<p>Keikkaliksa.com -palvelun kautta ty\u00f6suorituksia laskuttavat ty\u00f6ntekij\u00e4t ovat <a aria-label=\"tarvittaessa t\u00f6ihin kutsuttavan ty\u00f6ntekij\u00e4n puitesopimuksen (opens in a new tab)\" href=\"https:\/\/www.dropbox.com\/s\/bstce09q9li0q8j\/TarvittaessaTy%C3%B6h%C3%B6nKutsuttava_lomake.pdf?dl=0\" target=\"_blank\" rel=\"noreferrer noopener\">tarvittaessa t\u00f6ihin kutsuttavan ty\u00f6ntekij\u00e4n puitesopimuksen<\/a> mukaisesti ty\u00f6teht\u00e4v\u00e4n (keikan) ajan m\u00e4\u00e4r\u00e4aikaisessa ty\u00f6suhteessa Yrityspalvelu Pappi Ky:\u00f6n. Ty\u00f6suhteen syntyminen vahvistetaan toimeksiannon vastaanottoilmoituksessa. <\/p>\n\n\n\n<p>Toimeksiantaja (band leader) sopii ty\u00f6teht\u00e4v\u00e4n (keikan) YPP:n lukuun ja toimii YPP:n edustajana ja esimiehen\u00e4 muuhun ty\u00f6ryhm\u00e4\u00e4n (b\u00e4ndiin) ja asiakkaaseen  p\u00e4in toimeksiannon vastaanottoilmoituksessa kerrotuin edellytyksin. Eli viel\u00e4 selvenn\u00f6ksen\u00e4: band leader\/ toimeksiantaja on ty\u00f6suhteessa my\u00f6s keikan tai muun ty\u00f6suorituksen myydess\u00e4\u00e4n tai v\u00e4litt\u00e4ess\u00e4\u00e4n.<\/p>\n\n\n\n<p>Ty\u00f6nantajalla (YPP) on toimeksiannon saatuaan oikeus j\u00e4tt\u00e4\u00e4 vahvistamatta ty\u00f6suhteen alkaminen ja hyl\u00e4t\u00e4 toimeksianto. Ty\u00f6nantaja voi hyv\u00e4ksy\u00e4 toimeksiannon my\u00f6s ehdollisena, jolloin toimeksiantaja voi puolestaan j\u00e4tt\u00e4\u00e4 ty\u00f6sopimuksen solmimatta.<\/p>\n\n\n\n<p>Keikkaliksa.com -palvelua voidaan  verrata ohjelmatoimistoon siin\u00e4 mieless\u00e4, ett\u00e4 ty\u00f6ntekij\u00e4t (myyj\u00e4t, esiintyj\u00e4t) ovat ty\u00f6suhteessa keikkoja myydess\u00e4\u00e4n ja tehdess\u00e4\u00e4n. Palvelua voidaan verrata ty\u00f6voiman vuokrausfirmoihin m\u00e4\u00e4r\u00e4aikaisten ty\u00f6sopimusten ja k\u00e4ytett\u00e4v\u00e4n puitesopimuksen johdosta. Ja tietenkin keikkaliksa.com on lis\u00e4ksi verrattavissa my\u00f6s tavalliseen laskutuspalvelufirmaan.<\/p>\n\n\n\n<p><\/p>\n","protected":false},"excerpt":{"rendered":"<p>Keikkaliksa.com -palvelun kautta ty\u00f6suorituksia laskuttavat ty\u00f6ntekij\u00e4t ovat tarvittaessa t\u00f6ihin kutsuttavan ty\u00f6ntekij\u00e4n puitesopimuksen mukaisesti ty\u00f6teht\u00e4v\u00e4n (keikan) ajan m\u00e4\u00e4r\u00e4aikaisessa ty\u00f6suhteessa Yrityspalvelu Pappi Ky:\u00f6n. Ty\u00f6suhteen syntyminen vahvistetaan toimeksiannon vastaanottoilmoituksessa. Toimeksiantaja (band leader) sopii ty\u00f6teht\u00e4v\u00e4n (keikan) YPP:n lukuun ja toimii YPP:n edustajana ja esimiehen\u00e4 muuhun ty\u00f6ryhm\u00e4\u00e4n (b\u00e4ndiin) ja asiakkaaseen p\u00e4in toimeksiannon vastaanottoilmoituksessa kerrotuin edellytyksin. Eli viel\u00e4 selvenn\u00f6ksen\u00e4: band leader\/ &hellip; <\/p>\n<p class=\"link-more\"><a href=\"https:\/\/keikkaliksa.com\/index.php\/sopimussuhteet\/\" class=\"more-link\">Continue reading<span class=\"screen-reader-text\"> &#8220;sopimussuhteet&#8221;<\/span><\/a><\/p>\n","protected":false},"author":1,"featured_media":0,"parent":0,"menu_order":0,"comment_status":"closed","ping_status":"closed","template":"","meta":[],"_links":{"self":[{"href":"https:\/\/keikkaliksa.com\/index.php\/wp-json\/wp\/v2\/pages\/56"}],"collection":[{"href":"https:\/\/keikkaliksa.com\/index.php\/wp-json\/wp\/v2\/pages"}],"about":[{"href":"https:\/\/keikkaliksa.com\/index.php\/wp-json\/wp\/v2\/types\/page"}],"author":[{"embeddable":true,"href":"https:\/\/keikkaliksa.com\/index.php\/wp-json\/wp\/v2\/users\/1"}],"replies":[{"embeddable":true,"href":"https:\/\/keikkaliksa.com\/index.php\/wp-json\/wp\/v2\/comments?post=56"}],"version-history":[{"count":5,"href":"https:\/\/keikkaliksa.com\/index.php\/wp-json\/wp\/v2\/pages\/56\/revisions"}],"predecessor-version":[{"id":84,"href":"https:\/\/keikkaliksa.com\/index.php\/wp-json\/wp\/v2\/pages\/56\/revisions\/84"}],"wp:attachment":[{"href":"https:\/\/keikkaliksa.com\/index.php\/wp-json\/wp\/v2\/media?parent=56"}],"curies":[{"name":"wp","href":"https:\/\/api.w.org\/{rel}","templated":true}]}}