{"id":6,"date":"2019-11-29T17:06:47","date_gmt":"2019-11-29T17:06:47","guid":{"rendered":"http:\/\/keikkaliksa.com\/?page_id=6"},"modified":"2024-01-30T21:33:06","modified_gmt":"2024-01-30T21:33:06","slug":"keikkaliksa-com","status":"publish","type":"page","link":"https:\/\/keikkaliksa.com\/","title":{"rendered":""},"content":{"rendered":"<div class=\"wp-block-image\">\n<figure class=\"aligncenter size-large\"><a href=\"http:\/\/keikkaliksa.com\/\"><img decoding=\"async\" loading=\"lazy\" width=\"1024\" height=\"240\" src=\"http:\/\/keikkaliksa.com\/wp-content\/uploads\/2019\/11\/keikkaliksa-vaaka1600-1-1024x240.jpg\" alt=\"\" class=\"wp-image-76\" srcset=\"https:\/\/keikkaliksa.com\/wp-content\/uploads\/2019\/11\/keikkaliksa-vaaka1600-1-1024x240.jpg 1024w, https:\/\/keikkaliksa.com\/wp-content\/uploads\/2019\/11\/keikkaliksa-vaaka1600-1-300x70.jpg 300w, https:\/\/keikkaliksa.com\/wp-content\/uploads\/2019\/11\/keikkaliksa-vaaka1600-1-768x180.jpg 768w, https:\/\/keikkaliksa.com\/wp-content\/uploads\/2019\/11\/keikkaliksa-vaaka1600-1-1536x360.jpg 1536w, https:\/\/keikkaliksa.com\/wp-content\/uploads\/2019\/11\/keikkaliksa-vaaka1600-1-1568x368.jpg 1568w, https:\/\/keikkaliksa.com\/wp-content\/uploads\/2019\/11\/keikkaliksa-vaaka1600-1.jpg 1600w\" sizes=\"(max-width: 1024px) 100vw, 1024px\" \/><\/a><\/figure><\/div>\n\n\n<p><strong><span style=\"color:#ff0000\" class=\"has-inline-color\">Huom! <\/span>Keikkaliksa.comin toiminta jatkuu toistaiseksi suppeana. Otamme vastaan laskutustoimeksiantoja ainoastaan erikseen sovittaessa.<\/strong><\/p>\n\n\n\n<p class=\"has-text-align-center\"><strong>***************<\/strong><\/p>\n\n\n\n<p>Keikkaliksa.com on b\u00e4ndien ja muiden keikkaty\u00f6l\u00e4isten k\u00e4ytt\u00f6\u00f6n tarkoitettu palvelu, jonka avulla keikkojen ja muiden ty\u00f6suoritusten palkanmaksu onnistuu ty\u00f6suhteessa. Ty\u00f6suhteessa ty\u00f6skentely tarkoittaa sit\u00e4, ett\u00e4 ty\u00f6ntekij\u00e4 ei ole kevyt- tai muukaan yritt\u00e4j\u00e4. Ty\u00f6ntekij\u00e4n el\u00e4ke- ja ty\u00f6tt\u00f6myysvakuutusmaksut, ennakonpid\u00e4tykset ja muut ty\u00f6suhteeseen liittyv\u00e4t lakis\u00e4\u00e4teiset maksut ja ilmoitukset tulevat hoidetuiksi s\u00e4\u00e4nn\u00f6sten mukaan eik\u00e4 keikkaty\u00f6l\u00e4isen tarvitse pel\u00e4t\u00e4 ty\u00f6tt\u00f6myys- tai muun sosiaaliturvan katkeamista keikkailun vuoksi. <\/p>\n\n\n\n<h2><a aria-label=\"toimeksianto (opens in a new tab)\" href=\"http:\/\/keikkaliksa.com\/index.php\/toimeksianto\/\" target=\"_blank\" rel=\"noreferrer noopener\">laskutuspyynt\u00f6<\/a><\/h2>\n\n\n\n<p>Laskutuspyynt\u00f6 on vapaamuotoinen ja siihen tarvitaan laskun maksajan, keikan sek\u00e4 palkansaajien tiedot. Voit kopioida oheisesta linkist\u00e4 tiedot s\u00e4hk\u00f6postiisi ja t\u00e4ydent\u00e4\u00e4 tarpeelliset kohdat s\u00e4hk\u00f6postiohjelmassasi.<\/p>\n\n\n\n<h2><a aria-label=\"yhteydet (opens in a new tab)\" href=\"https:\/\/keikkaliksa.com\/index.php\/yhteydet\/\" target=\"_blank\" rel=\"noreferrer noopener\">yhteydet<\/a><\/h2>\n\n\n\n<p>Keikkaliksa.comin laskutus- ja palkanlaskutoiminnot hoitaa <br>Yrityspalvelu Pappi Ky (YPP).<br>Toimeksianto l\u00e4hetet\u00e4\u00e4n s\u00e4hk\u00f6isesti osoitteeseen keikkaliksa@gmail.com.<\/p>\n\n\n\n<h2><a aria-label=\"matkalaskut (opens in a new tab)\" href=\"https:\/\/keikkaliksa.com\/index.php\/matkalaskut\/\" target=\"_blank\" rel=\"noreferrer noopener\">matkalaskut<\/a><\/h2>\n\n\n\n<p>Keikkaliksa.com l\u00e4htee verottajan ohjeen mukaisesti siit\u00e4, ett\u00e4 keikkapalkkiota ei voida maksaa kokonaan verovapaina kustannusten korvauksina. Ennakonpid\u00e4tyksen alaisen palkan osuus m\u00e4\u00e4ritet\u00e4\u00e4n tapauskohtaisesti.<\/p>\n\n\n\n<h2><a aria-label=\"arvonlis\u00e4vero (alv) (opens in a new tab)\" href=\"https:\/\/keikkaliksa.com\/index.php\/arvonlisavero-alv\/\" target=\"_blank\" rel=\"noreferrer noopener\">arvonlis\u00e4vero (alv)<\/a><\/h2>\n\n\n\n<p>Esiintymispalkkiot ja er\u00e4\u00e4t immateriaalioikeudet ovat arvonlis\u00e4verolain 45 \u00a7:n perusteella verottomia. Esiintyvill\u00e4 taiteilijoilla on kuitenkin mahdollisuus hakeutua toiminnastaan alv-velvollisiksi.<\/p>\n\n\n\n<h2><a aria-label=\"sopimussuhteet (opens in a new tab)\" href=\"https:\/\/keikkaliksa.com\/index.php\/sopimussuhteet\/\" target=\"_blank\" rel=\"noreferrer noopener\">ty\u00f6sopimus<\/a><\/h2>\n\n\n\n<p>Keikkaliksa.comin kautta ty\u00f6suorituksia laskuttavat ty\u00f6ntekij\u00e4t ovat tarvittaessa t\u00f6ihin kutsuttavan ty\u00f6ntekij\u00e4n puitesopimuksen mukaisesti ty\u00f6teht\u00e4v\u00e4n (keikan) ajan m\u00e4\u00e4r\u00e4aikaisessa ty\u00f6suhteessa Yrityspalvelu Pappi Ky:\u00f6n. <\/p>\n\n\n\n<h2><a aria-label=\"hinnat (opens in a new tab)\" href=\"https:\/\/keikkaliksa.com\/index.php\/hinnat\/\" target=\"_blank\" rel=\"noreferrer noopener\">hinnat<\/a><\/h2>\n\n\n\n<p>Keikkaliksa.comin palvelu maksaa 15 \u20ac per lasku + 13 \u20ac per tili ja\/tai l\u00e4pilaskutus (paperilaskut + 7 \u20ac). Lis\u00e4ksi p\u00e4iv\u00e4rahojen, kilometrikorvausten ja muiden matkakulujen k\u00e4sittelyst\u00e4 veloitetaan 1,50 \u20ac per rivi.<\/p>\n\n\n\n<h2><a aria-label=\"maksuajat (opens in a new tab)\" href=\"https:\/\/keikkaliksa.com\/index.php\/maksuajat\/\" target=\"_blank\" rel=\"noreferrer noopener\">palkanmaksu<\/a><\/h2>\n\n\n\n<p>Palkat maksetaan v\u00e4litt\u00f6m\u00e4sti asiakkaan maksusuorituksen j\u00e4lkeen ellei toimeksiannon yhteydess\u00e4 ole muuta sovittu.<\/p>\n\n\n\n<h2>perint\u00e4<\/h2>\n\n\n\n<p>Perinn\u00e4st\u00e4 sovitaan tapauskohtaisesti erikseen. Yleens\u00e4 on tarkoituksenmukaisinta aloittaa perint\u00e4 niin, ett\u00e4 toimeksiantaja eli yleens\u00e4 band leader on yhteydess\u00e4 keikan ostaneeseen j\u00e4rjest\u00e4j\u00e4n edustajaan.<\/p>\n","protected":false},"excerpt":{"rendered":"<p>Huom! Keikkaliksa.comin toiminta jatkuu toistaiseksi suppeana. Otamme vastaan laskutustoimeksiantoja ainoastaan erikseen sovittaessa. *************** Keikkaliksa.com on b\u00e4ndien ja muiden keikkaty\u00f6l\u00e4isten k\u00e4ytt\u00f6\u00f6n tarkoitettu palvelu, jonka avulla keikkojen ja muiden ty\u00f6suoritusten palkanmaksu onnistuu ty\u00f6suhteessa. Ty\u00f6suhteessa ty\u00f6skentely tarkoittaa sit\u00e4, ett\u00e4 ty\u00f6ntekij\u00e4 ei ole kevyt- tai muukaan yritt\u00e4j\u00e4. Ty\u00f6ntekij\u00e4n el\u00e4ke- ja ty\u00f6tt\u00f6myysvakuutusmaksut, ennakonpid\u00e4tykset ja muut ty\u00f6suhteeseen liittyv\u00e4t lakis\u00e4\u00e4teiset maksut ja &hellip; <\/p>\n<p class=\"link-more\"><a href=\"https:\/\/keikkaliksa.com\/\" class=\"more-link\">Continue reading<span class=\"screen-reader-text\"> &#8220;&#8221;<\/span><\/a><\/p>\n","protected":false},"author":1,"featured_media":0,"parent":0,"menu_order":0,"comment_status":"closed","ping_status":"closed","template":"","meta":[],"_links":{"self":[{"href":"https:\/\/keikkaliksa.com\/index.php\/wp-json\/wp\/v2\/pages\/6"}],"collection":[{"href":"https:\/\/keikkaliksa.com\/index.php\/wp-json\/wp\/v2\/pages"}],"about":[{"href":"https:\/\/keikkaliksa.com\/index.php\/wp-json\/wp\/v2\/types\/page"}],"author":[{"embeddable":true,"href":"https:\/\/keikkaliksa.com\/index.php\/wp-json\/wp\/v2\/users\/1"}],"replies":[{"embeddable":true,"href":"https:\/\/keikkaliksa.com\/index.php\/wp-json\/wp\/v2\/comments?post=6"}],"version-history":[{"count":26,"href":"https:\/\/keikkaliksa.com\/index.php\/wp-json\/wp\/v2\/pages\/6\/revisions"}],"predecessor-version":[{"id":135,"href":"https:\/\/keikkaliksa.com\/index.php\/wp-json\/wp\/v2\/pages\/6\/revisions\/135"}],"wp:attachment":[{"href":"https:\/\/keikkaliksa.com\/index.php\/wp-json\/wp\/v2\/media?parent=6"}],"curies":[{"name":"wp","href":"https:\/\/api.w.org\/{rel}","templated":true}]}}