{"id":60,"date":"2019-11-29T22:29:28","date_gmt":"2019-11-29T22:29:28","guid":{"rendered":"http:\/\/keikkaliksa.com\/?page_id=60"},"modified":"2024-01-30T21:26:37","modified_gmt":"2024-01-30T21:26:37","slug":"hinnat","status":"publish","type":"page","link":"https:\/\/keikkaliksa.com\/index.php\/hinnat\/","title":{"rendered":"hinnat"},"content":{"rendered":"\n<p>Keikkaliksa.com -palvelu maksaa verkko- ja s\u00e4hk\u00f6postilaskujen osalta 15 \u20ac per lasku + 13 \u20ac per tili ja\/tai l\u00e4pilaskutus. Paperilaskujen l\u00e4hett\u00e4misest\u00e4 veloitamme 20 \u20ac per lasku.<br>Lis\u00e4ksi p\u00e4iv\u00e4rahojen, kilometrikorvausten ja muiden matkakulujen k\u00e4sittelyst\u00e4 veloitetaan 1,50 \u20ac per rivi.  Palkkatositteilla n\u00e4kyv\u00e4t p\u00e4iv\u00e4raharivit, kilometrikorvausrivit ja polttoainekuitti-, bussilippu- ym rivit kustantavat siis 1,50 \u20ac per rivi riippumatta siit\u00e4, montako p\u00e4iv\u00e4rahaa tai kilometri\u00e4 kullakin rivill\u00e4 on. <\/p>\n\n\n\n<p>Toimistopalkkio veloitetaan ns. p\u00e4\u00e4lt\u00e4 eli band totalista.<\/p>\n\n\n\n<p>Esimerkiksi nelihenkisen b\u00e4ndin yksitt\u00e4inen keikka ilman matkalaskuja kustantaa siis 15 \u20ac + (4 x 13 \u20ac<em>) = <\/em>67 \u20ac (yksi lasku, nelj\u00e4 tili\u00e4). Saman ryhm\u00e4n kolmen keikan rundi maksaa (3 x 15 \u20ac) + (4 x 13 \u20ac) = 97 \u20ac (kolme laskua, nelj\u00e4 tili\u00e4) riippumatta laskutettavista summista. Rundin niputtaminen yhteen tiliin edellytt\u00e4\u00e4, ett\u00e4 kaikilla keikoilla on samat palkansaajat ja sama jakotapa (esim. tasajako kulujen j\u00e4lkeen).<\/p>\n","protected":false},"excerpt":{"rendered":"<p>Keikkaliksa.com -palvelu maksaa verkko- ja s\u00e4hk\u00f6postilaskujen osalta 15 \u20ac per lasku + 13 \u20ac per tili ja\/tai l\u00e4pilaskutus. Paperilaskujen l\u00e4hett\u00e4misest\u00e4 veloitamme 20 \u20ac per lasku.Lis\u00e4ksi p\u00e4iv\u00e4rahojen, kilometrikorvausten ja muiden matkakulujen k\u00e4sittelyst\u00e4 veloitetaan 1,50 \u20ac per rivi. Palkkatositteilla n\u00e4kyv\u00e4t p\u00e4iv\u00e4raharivit, kilometrikorvausrivit ja polttoainekuitti-, bussilippu- ym rivit kustantavat siis 1,50 \u20ac per rivi riippumatta siit\u00e4, montako p\u00e4iv\u00e4rahaa &hellip; <\/p>\n<p class=\"link-more\"><a href=\"https:\/\/keikkaliksa.com\/index.php\/hinnat\/\" class=\"more-link\">Continue reading<span class=\"screen-reader-text\"> &#8220;hinnat&#8221;<\/span><\/a><\/p>\n","protected":false},"author":1,"featured_media":0,"parent":0,"menu_order":0,"comment_status":"closed","ping_status":"closed","template":"","meta":[],"_links":{"self":[{"href":"https:\/\/keikkaliksa.com\/index.php\/wp-json\/wp\/v2\/pages\/60"}],"collection":[{"href":"https:\/\/keikkaliksa.com\/index.php\/wp-json\/wp\/v2\/pages"}],"about":[{"href":"https:\/\/keikkaliksa.com\/index.php\/wp-json\/wp\/v2\/types\/page"}],"author":[{"embeddable":true,"href":"https:\/\/keikkaliksa.com\/index.php\/wp-json\/wp\/v2\/users\/1"}],"replies":[{"embeddable":true,"href":"https:\/\/keikkaliksa.com\/index.php\/wp-json\/wp\/v2\/comments?post=60"}],"version-history":[{"count":5,"href":"https:\/\/keikkaliksa.com\/index.php\/wp-json\/wp\/v2\/pages\/60\/revisions"}],"predecessor-version":[{"id":132,"href":"https:\/\/keikkaliksa.com\/index.php\/wp-json\/wp\/v2\/pages\/60\/revisions\/132"}],"wp:attachment":[{"href":"https:\/\/keikkaliksa.com\/index.php\/wp-json\/wp\/v2\/media?parent=60"}],"curies":[{"name":"wp","href":"https:\/\/api.w.org\/{rel}","templated":true}]}}